{"id":6922,"date":"2023-11-19T10:39:22","date_gmt":"2023-11-19T10:39:22","guid":{"rendered":"https:\/\/demo.wpzoom.com\/inspiro-lite-blocks-xml\/?page_id=6922"},"modified":"2026-03-22T18:50:26","modified_gmt":"2026-03-22T18:50:26","slug":"homepage","status":"publish","type":"page","link":"https:\/\/proa2health.com\/","title":{"rendered":"Homepage"},"content":{"rendered":"\n<div class=\"wp-block-cover alignfull is-light\" style=\"padding-right:0;padding-left:0;min-height:100vh;aspect-ratio:unset;\"><video class=\"wp-block-cover__video-background intrinsic-ignore\" autoplay muted loop playsinline src=\"https:\/\/proa2health.com\/wp-content\/uploads\/2025\/05\/7918424-uhd_3840_2160_25fps.mp4\" data-object-fit=\"cover\"><\/video><span aria-hidden=\"true\" class=\"wp-block-cover__background has-background-dim-60 has-background-dim\" style=\"background-color:#d5c7d9\"><\/span><div class=\"wp-block-cover__inner-container has-global-padding is-layout-constrained wp-container-core-cover-is-layout-7db9d80f wp-block-cover-is-layout-constrained\">\n<h1 class=\"wp-block-heading has-text-align-center has-white-color has-text-color has-max-72-font-size\"><strong>PROA2<\/strong> Care<\/h1>\n\n\n\n<h2 class=\"wp-block-heading has-text-align-center has-white-color has-text-color has-large-font-size\">Despu\u00e9s de la leche materna, la mejor leche para tu beb\u00e9 <\/h2>\n<\/div><\/div>\n\n\n\n<div class=\"wp-block-group alignfull portfolio-dark has-white-background-color has-background has-global-padding is-layout-constrained wp-block-group-is-layout-constrained\" id=\"portfolio\" style=\"margin-top:0px\">\n<div style=\"height:83px\" aria-hidden=\"true\" class=\"wp-block-spacer\"><\/div>\n\n\n\n<h2 class=\"wp-block-heading has-text-align-left has-primary-color has-text-color has-large-font-size\">\u00bfQu\u00e9 es PROA2 Care?<\/h2>\n\n\n\n<p class=\"has-text-align-left has-primary-color has-text-color has-link-color wp-elements-bf37f7643bdcfa84120365403f1d3ef0\">PROA2 Care es una leche de f\u00f3rmula \u00fanica, creada a partir de leche gallega, 100% A2 y de pastoreo, combinada con probi\u00f3ticos, HMOs e ingredientes funcionales de \u00faltima generaci\u00f3n, para ofrecer una nutrici\u00f3n completa y natural que acompa\u00f1a el crecimiento saludable de tu beb\u00e9.<\/p>\n\n\n\n<div style=\"height:50px\" aria-hidden=\"true\" class=\"wp-block-spacer\"><\/div>\n<\/div>\n\n\n\n<div class=\"wp-block-cover alignfull has-parallax is-position-center-center\" style=\"border-radius:0px\"><div class=\"wp-block-cover__image-background wp-image-6951 size-large has-parallax\" style=\"background-position:50% 50%;background-image:url(https:\/\/proa2health.com\/wp-content\/uploads\/2025\/05\/vacas-holstein-opt-1024x566.jpg)\"><\/div><span aria-hidden=\"true\" class=\"wp-block-cover__background has-black-background-color has-background-dim\"><\/span><div class=\"wp-block-cover__inner-container has-global-padding is-layout-constrained wp-block-cover-is-layout-constrained\">\n<div id=\"team\" class=\"wp-block-group has-global-padding is-layout-constrained wp-container-core-group-is-layout-3a820303 wp-block-group-is-layout-constrained\" style=\"padding-right:var(--wp--preset--spacing--small);padding-left:var(--wp--preset--spacing--small)\">\n<div class=\"wp-block-group is-layout-flow wp-block-group-is-layout-flow\">\n<div style=\"height:74px\" aria-hidden=\"true\" class=\"wp-block-spacer\"><\/div>\n\n\n\n<h2 class=\"wp-block-heading has-white-color has-text-color has-large-font-size\">\u00bfPor qu\u00e9 elegir PROA2 Care?<\/h2>\n\n\n\n<div style=\"height:0px\" aria-hidden=\"true\" class=\"wp-block-spacer\"><\/div>\n\n\n\n<div class=\"wp-block-columns is-layout-flex wp-container-core-columns-is-layout-28f84493 wp-block-columns-is-layout-flex\">\n<div class=\"wp-block-column is-style-default is-layout-flow wp-block-column-is-layout-flow\" style=\"border-style:none;border-width:0px;padding-top:0;padding-right:0;padding-bottom:0;padding-left:0\">\n<h3 class=\"wp-block-heading\">M\u00e1s cercana a la leche materna<\/h3>\n\n\n\n<p>F\u00f3rmula con prote\u00edna A2, dise\u00f1ada para una digesti\u00f3n m\u00e1s f\u00e1cil y con menor riesgo de alergias.<br><\/p>\n\n\n\n<h3 class=\"wp-block-heading\">PRO L\u00edpidos<\/h3>\n\n\n\n<p>Tecnolog\u00eda avanzada para optimizar el tama\u00f1o del gl\u00f3bulo graso y una composici\u00f3n lip\u00eddica inspirada en la leche materna.<br><\/p>\n<\/div>\n\n\n\n<div class=\"wp-block-column is-style-default is-layout-flow wp-block-column-is-layout-flow\" style=\"border-style:none;border-width:0px;padding-top:0;padding-right:0;padding-bottom:0;padding-left:0\">\n<h3 class=\"wp-block-heading\">Leche gallega de calidad superior<\/h3>\n\n\n\n<p>Elaborada con una mezcla exclusiva de leche que aporta un perfil nutricional excepcional.<br><\/p>\n\n\n\n<h3 class=\"wp-block-heading\">Crianza responsable<\/h3>\n\n\n\n<p>Leche de pastoreo, producci\u00f3n sostenible y bienestar animal, procesada m\u00ednimamente para conservar su pureza.<\/p>\n<\/div>\n<\/div>\n\n\n\n<div style=\"height:63px\" aria-hidden=\"true\" class=\"wp-block-spacer\"><\/div>\n\n\n\n<div style=\"height:81px\" aria-hidden=\"true\" class=\"wp-block-spacer\"><\/div>\n<\/div>\n<\/div>\n<\/div><\/div>\n","protected":false},"excerpt":{"rendered":"<p>\u00bfQu\u00e9 es PROA2 Care? PROA2 Care es una leche de f\u00f3rmula \u00fanica, creada a partir de leche gallega, 100% A2 y de pastoreo, combinada con probi\u00f3ticos, HMOs e ingredientes funcionales de \u00faltima generaci\u00f3n, para ofrecer una nutrici\u00f3n completa y natural que acompa\u00f1a el crecimiento saludable de tu beb\u00e9.<\/p>\n","protected":false},"author":2,"featured_media":0,"parent":0,"menu_order":0,"comment_status":"closed","ping_status":"closed","template":"page-templates\/full-width-transparent.php","meta":{"footnotes":""},"class_list":["post-6922","page","type-page","status-publish","hentry"],"featured_media_urls":[],"_links":{"self":[{"href":"https:\/\/proa2health.com\/index.php?rest_route=\/wp\/v2\/pages\/6922","targetHints":{"allow":["GET"]}}],"collection":[{"href":"https:\/\/proa2health.com\/index.php?rest_route=\/wp\/v2\/pages"}],"about":[{"href":"https:\/\/proa2health.com\/index.php?rest_route=\/wp\/v2\/types\/page"}],"author":[{"embeddable":true,"href":"https:\/\/proa2health.com\/index.php?rest_route=\/wp\/v2\/users\/2"}],"replies":[{"embeddable":true,"href":"https:\/\/proa2health.com\/index.php?rest_route=%2Fwp%2Fv2%2Fcomments&post=6922"}],"version-history":[{"count":27,"href":"https:\/\/proa2health.com\/index.php?rest_route=\/wp\/v2\/pages\/6922\/revisions"}],"predecessor-version":[{"id":7002,"href":"https:\/\/proa2health.com\/index.php?rest_route=\/wp\/v2\/pages\/6922\/revisions\/7002"}],"wp:attachment":[{"href":"https:\/\/proa2health.com\/index.php?rest_route=%2Fwp%2Fv2%2Fmedia&parent=6922"}],"curies":[{"name":"wp","href":"https:\/\/api.w.org\/{rel}","templated":true}]}}